{"id":1324,"date":"2022-02-24T05:03:32","date_gmt":"2022-02-24T05:03:32","guid":{"rendered":"https:\/\/deltoro.com.co\/web\/index.php\/about\/"},"modified":"2024-03-11T16:44:34","modified_gmt":"2024-03-11T21:44:34","slug":"constructora_deltoro","status":"publish","type":"page","link":"https:\/\/deltoro.com.co\/web\/constructora_deltoro\/","title":{"rendered":"Constructora"},"content":{"rendered":"\n<p><\/p>\n\n\n\n<div class=\"wp-block-uagb-container uagb-block-93b94c88 alignfull uagb-is-root-container\"><div class=\"uagb-container-inner-blocks-wrap\">\n<div class=\"wp-block-uagb-advanced-heading uagb-block-392a41cb\"><h1 class=\"uagb-heading-text\">Constructora Deltoro<\/h1><\/div>\n<\/div><\/div>\n\n\n\n<div class=\"wp-block-uagb-container uagb-block-f8ec2bd3 alignfull uagb-is-root-container\"><div class=\"uagb-container-inner-blocks-wrap\">\n<div class=\"wp-block-uagb-advanced-heading uagb-block-e874992d\"><h2 class=\"uagb-heading-text\">Obras que perduran<\/h2><\/div>\n\n\n\n<div class=\"wp-block-uagb-image aligncenter uagb-block-2d710799 wp-block-uagb-image--layout-default wp-block-uagb-image--effect-static wp-block-uagb-image--align-center\"><figure class=\"wp-block-uagb-image__figure\"><img loading=\"lazy\" decoding=\"async\" srcset=\"https:\/\/deltoro.com.co\/web\/wp-content\/uploads\/2024\/02\/obrasqueperduran.jpg ,https:\/\/deltoro.com.co\/web\/wp-content\/uploads\/2024\/02\/obrasqueperduran.jpg 780w, https:\/\/deltoro.com.co\/web\/wp-content\/uploads\/2024\/02\/obrasqueperduran.jpg 360w\" sizes=\"auto, (max-width: 480px) 150px\" src=\"https:\/\/deltoro.com.co\/web\/wp-content\/uploads\/2024\/02\/obrasqueperduran.jpg\" alt=\"obras que perduran casas y apartamentos en armenia quindio\" class=\"uag-image-1866\" width=\"1170\" height=\"600\" title=\"\" loading=\"lazy\"\/><\/figure><\/div>\n\n\n\n<p class=\"has-text-align-center has-medium-font-size\">\u00bfPor qu\u00e9 Deltoro?<\/p>\n\n\n\n<div class=\"wp-block-uagb-container uagb-block-1edf5076\">\n<div class=\"wp-block-cover is-light\" style=\"padding-top:var(--wp--preset--spacing--20);padding-right:var(--wp--preset--spacing--20);padding-bottom:var(--wp--preset--spacing--20);padding-left:var(--wp--preset--spacing--20)\"><span aria-hidden=\"true\" class=\"wp-block-cover__background has-background-dim-0 has-background-dim\"><\/span><img fetchpriority=\"high\" decoding=\"async\" width=\"1082\" height=\"469\" class=\"wp-block-cover__image-background wp-image-1972\" alt=\"Valores Corporativos\" src=\"https:\/\/deltoro.com.co\/web\/wp-content\/uploads\/2024\/03\/FONDO-VALORES.jpg\" style=\"object-position:50% 50%\" data-object-fit=\"cover\" data-object-position=\"50% 50%\" srcset=\"https:\/\/deltoro.com.co\/web\/wp-content\/uploads\/2024\/03\/FONDO-VALORES.jpg 1082w, https:\/\/deltoro.com.co\/web\/wp-content\/uploads\/2024\/03\/FONDO-VALORES-300x130.jpg 300w, https:\/\/deltoro.com.co\/web\/wp-content\/uploads\/2024\/03\/FONDO-VALORES-1024x444.jpg 1024w, https:\/\/deltoro.com.co\/web\/wp-content\/uploads\/2024\/03\/FONDO-VALORES-768x333.jpg 768w\" sizes=\"(max-width: 1082px) 100vw, 1082px\" \/><div class=\"wp-block-cover__inner-container is-layout-flow wp-block-cover-is-layout-flow\">\n<p class=\"has-text-align-center has-large-font-size\"><\/p>\n<\/div><\/div>\n<\/div>\n<\/div><\/div>\n\n\n\n<div class=\"wp-block-uagb-advanced-heading uagb-block-d806cd3e\"><h2 class=\"uagb-heading-text\">Blog<\/h2><\/div>\n\n\n\n<p><\/p>\n\n\n\n<p><\/p>\n\n\n\n\t\t\t<div class=\"wp-block-uagb-post-grid uagb-post-grid  uagb-post__image-position-top uagb-post__image-enabled uagb-block-71ccab7c     uagb-post__items uagb-post__columns-3 is-grid uagb-post__columns-tablet-2 uagb-post__columns-mobile-1 uagb-post__equal-height\" data-total=\"2\" style=\"\">\n\n\t\t\t\t\t\t\t\t\t\t\t\t<article class=\"uagb-post__inner-wrap\">\t\t\t\t\t\t\t\t<div class='uagb-post__image'>\n\t\t\t\t\t\t\t\t\t<a href=\"https:\/\/deltoro.com.co\/web\/tips-para-comprar-tu-primer-apartamento\/\" target=\"_self\" rel=\"bookmark noopener noreferrer\" class='uagb-image-ratio-2-3'><img decoding=\"async\" width=\"240\" height=\"300\" src=\"https:\/\/deltoro.com.co\/web\/wp-content\/uploads\/2026\/03\/1-1-240x300.png\" class=\"attachment-medium size-medium\" alt=\"\" srcset=\"https:\/\/deltoro.com.co\/web\/wp-content\/uploads\/2026\/03\/1-1-240x300.png 240w, https:\/\/deltoro.com.co\/web\/wp-content\/uploads\/2026\/03\/1-1-819x1024.png 819w, https:\/\/deltoro.com.co\/web\/wp-content\/uploads\/2026\/03\/1-1-768x960.png 768w, https:\/\/deltoro.com.co\/web\/wp-content\/uploads\/2026\/03\/1-1.png 1080w\" sizes=\"(max-width: 240px) 100vw, 240px\" \/>\t\t\t\t\t<\/a>\n\t\t\t\t\t\t\t<\/div>\n\t\t\t\t\t\t<h4 class=\"uagb-post__title uagb-post__text\">\n\t\t\t\t<a href=\"https:\/\/deltoro.com.co\/web\/tips-para-comprar-tu-primer-apartamento\/\" target=\"_self\" rel=\"bookmark noopener noreferrer\">TIPS PARA COMPRAR TU APARTAMENTO PROPIO<\/a>\n\t\t\t<\/h4>\n\t\t\t\t\t\t<div class='uagb-post__text uagb-post-grid-byline'>\n\t\t\t\t\t\t\t<\/div>\n\t\t\t\t\t\t\t<div class='uagb-post__text uagb-post__excerpt'>\n\t\t\t\t\t<p>Comprar tu primer apartamento es una de las decisiones financieras y personales m\u00e1s importantes en&#8230;\t\t\t\t<\/div>\n\t\t\t\t\t\t<div class=\"uagb-post__text uagb-post__cta wp-block-button\">\n\t\t\t\t<a class=\"wp-block-button__link uagb-text-link\" style=\"\" href=\"https:\/\/deltoro.com.co\/web\/tips-para-comprar-tu-primer-apartamento\/\" target=\"_self\" rel=\"bookmark noopener noreferrer\">Ver m\u00e1s<\/a>\n\t\t\t<\/div>\n\t\t\t\n\t\t\t\t\t\t\t\t\t<\/article>\n\t\t\t\t\t\t\t\t\t\t\t\t\t\t\t\t<article class=\"uagb-post__inner-wrap\">\t\t\t\t\t\t\t\t<div class='uagb-post__image'>\n\t\t\t\t\t\t\t\t\t<a href=\"https:\/\/deltoro.com.co\/web\/microliving-espacios-adaptativos\/\" target=\"_self\" rel=\"bookmark noopener noreferrer\" class='uagb-image-ratio-2-3'><img decoding=\"async\" width=\"300\" height=\"200\" src=\"https:\/\/deltoro.com.co\/web\/wp-content\/uploads\/2024\/01\/IMAGEN-NOTICIA-4-300x200.jpg\" class=\"attachment-medium size-medium\" alt=\"microliving espacios adaptativos\" srcset=\"https:\/\/deltoro.com.co\/web\/wp-content\/uploads\/2024\/01\/IMAGEN-NOTICIA-4-300x200.jpg 300w, https:\/\/deltoro.com.co\/web\/wp-content\/uploads\/2024\/01\/IMAGEN-NOTICIA-4.jpg 500w\" sizes=\"(max-width: 300px) 100vw, 300px\" \/>\t\t\t\t\t<\/a>\n\t\t\t\t\t\t\t<\/div>\n\t\t\t\t\t\t<h4 class=\"uagb-post__title uagb-post__text\">\n\t\t\t\t<a href=\"https:\/\/deltoro.com.co\/web\/microliving-espacios-adaptativos\/\" target=\"_self\" rel=\"bookmark noopener noreferrer\">MICROLIVING, ESPACIOS ADAPTATIVOS<\/a>\n\t\t\t<\/h4>\n\t\t\t\t\t\t<div class='uagb-post__text uagb-post-grid-byline'>\n\t\t\t\t\t\t\t<\/div>\n\t\t\t\t\t\t\t<div class='uagb-post__text uagb-post__excerpt'>\n\t\t\t\t\t<p>El crecimiento demogr\u00e1fico redefinir\u00e1 la planificaci\u00f3n de nuestras ciudades. As\u00ed, el concepto de \u201csmall living\u201d&#8230;\t\t\t\t<\/div>\n\t\t\t\t\t\t<div class=\"uagb-post__text uagb-post__cta wp-block-button\">\n\t\t\t\t<a class=\"wp-block-button__link uagb-text-link\" style=\"\" href=\"https:\/\/deltoro.com.co\/web\/microliving-espacios-adaptativos\/\" target=\"_self\" rel=\"bookmark noopener noreferrer\">Ver m\u00e1s<\/a>\n\t\t\t<\/div>\n\t\t\t\n\t\t\t\t\t\t\t\t\t<\/article>\n\t\t\t\t\t\t\t\t\t\t\t\t\t\t\t\t<article class=\"uagb-post__inner-wrap\">\t\t\t\t\t\t\t\t<div class='uagb-post__image'>\n\t\t\t\t\t\t\t\t\t<a href=\"https:\/\/deltoro.com.co\/web\/invertir-en-deltoro-desde-el-exterior\/\" target=\"_self\" rel=\"bookmark noopener noreferrer\" class='uagb-image-ratio-2-3'><img loading=\"lazy\" decoding=\"async\" width=\"300\" height=\"200\" src=\"https:\/\/deltoro.com.co\/web\/wp-content\/uploads\/2024\/01\/IMAGEN-NOTICIA-3-300x200.jpg\" class=\"attachment-medium size-medium\" alt=\"\" srcset=\"https:\/\/deltoro.com.co\/web\/wp-content\/uploads\/2024\/01\/IMAGEN-NOTICIA-3-300x200.jpg 300w, https:\/\/deltoro.com.co\/web\/wp-content\/uploads\/2024\/01\/IMAGEN-NOTICIA-3.jpg 500w\" sizes=\"(max-width: 300px) 100vw, 300px\" \/>\t\t\t\t\t<\/a>\n\t\t\t\t\t\t\t<\/div>\n\t\t\t\t\t\t<h4 class=\"uagb-post__title uagb-post__text\">\n\t\t\t\t<a href=\"https:\/\/deltoro.com.co\/web\/invertir-en-deltoro-desde-el-exterior\/\" target=\"_self\" rel=\"bookmark noopener noreferrer\">REQUISITOS PARA INVERTIR CON DELTORO DESDE EL EXTERIOR<\/a>\n\t\t\t<\/h4>\n\t\t\t\t\t\t<div class='uagb-post__text uagb-post-grid-byline'>\n\t\t\t\t\t\t\t<\/div>\n\t\t\t\t\t\t\t<div class='uagb-post__text uagb-post__excerpt'>\n\t\t\t\t\t<p>Comprar tu inmueble en Armenia es muy sencillo. Te indicamos los requisitos para realizar tu&#8230;\t\t\t\t<\/div>\n\t\t\t\t\t\t<div class=\"uagb-post__text uagb-post__cta wp-block-button\">\n\t\t\t\t<a class=\"wp-block-button__link uagb-text-link\" style=\"\" href=\"https:\/\/deltoro.com.co\/web\/invertir-en-deltoro-desde-el-exterior\/\" target=\"_self\" rel=\"bookmark noopener noreferrer\">Ver m\u00e1s<\/a>\n\t\t\t<\/div>\n\t\t\t\n\t\t\t\t\t\t\t\t\t<\/article>\n\t\t\t\t\t\t\t\t\t\t\t\t\t<div class=\"uagb-post-pagination-wrap\">\n\t\t\t\t\t\t<span aria-current=\"page\" class=\"page-numbers current\">1<\/span>\n<a class=\"page-numbers\" href=\"https:\/\/deltoro.com.co\/web\/wp-json\/wp\/v2\/pages\/1324\/page\/2\/\">2<\/a>\n<a class=\"next page-numbers\" href=\"https:\/\/deltoro.com.co\/web\/wp-json\/wp\/v2\/pages\/1324\/page\/2\/\">Siguiente \u00bb<\/a>\t\t\t\t\t<\/div>\n\t\t\t\t\t\t\t\t<\/div>\n\t\t\t","protected":false},"excerpt":{"rendered":"<p>Constructora Deltoro Obras que perduran \u00bfPor qu\u00e9 Deltoro? Blog<\/p>\n","protected":false},"author":1,"featured_media":0,"parent":0,"menu_order":0,"comment_status":"closed","ping_status":"closed","template":"","meta":{"_uag_custom_page_level_css":"","site-sidebar-layout":"no-sidebar","site-content-layout":"page-builder","ast-site-content-layout":"full-width-container","site-content-style":"unboxed","site-sidebar-style":"default","ast-global-header-display":"","ast-banner-title-visibility":"","ast-main-header-display":"","ast-hfb-above-header-display":"","ast-hfb-below-header-display":"","ast-hfb-mobile-header-display":"","site-post-title":"disabled","ast-breadcrumbs-content":"","ast-featured-img":"disabled","footer-sml-layout":"","theme-transparent-header-meta":"enabled","adv-header-id-meta":"","stick-header-meta":"","header-above-stick-meta":"","header-main-stick-meta":"","header-below-stick-meta":"","astra-migrate-meta-layouts":"set","ast-page-background-enabled":"default","ast-page-background-meta":{"desktop":{"background-color":"var(--ast-global-color-5)","background-image":"","background-repeat":"repeat","background-position":"center center","background-size":"auto","background-attachment":"scroll","background-type":"","background-media":"","overlay-type":"","overlay-color":"","overlay-opacity":"","overlay-gradient":""},"tablet":{"background-color":"","background-image":"","background-repeat":"repeat","background-position":"center center","background-size":"auto","background-attachment":"scroll","background-type":"","background-media":"","overlay-type":"","overlay-color":"","overlay-opacity":"","overlay-gradient":""},"mobile":{"background-color":"","background-image":"","background-repeat":"repeat","background-position":"center center","background-size":"auto","background-attachment":"scroll","background-type":"","background-media":"","overlay-type":"","overlay-color":"","overlay-opacity":"","overlay-gradient":""}},"ast-content-background-meta":{"desktop":{"background-color":"var(--ast-global-color-4)","background-image":"","background-repeat":"repeat","background-position":"center center","background-size":"auto","background-attachment":"scroll","background-type":"","background-media":"","overlay-type":"","overlay-color":"","overlay-opacity":"","overlay-gradient":""},"tablet":{"background-color":"var(--ast-global-color-4)","background-image":"","background-repeat":"repeat","background-position":"center center","background-size":"auto","background-attachment":"scroll","background-type":"","background-media":"","overlay-type":"","overlay-color":"","overlay-opacity":"","overlay-gradient":""},"mobile":{"background-color":"var(--ast-global-color-4)","background-image":"","background-repeat":"repeat","background-position":"center center","background-size":"auto","background-attachment":"scroll","background-type":"","background-media":"","overlay-type":"","overlay-color":"","overlay-opacity":"","overlay-gradient":""}},"footnotes":""},"class_list":["post-1324","page","type-page","status-publish","hentry"],"yoast_head":"<!-- This site is optimized with the Yoast SEO plugin v24.0 - https:\/\/yoast.com\/wordpress\/plugins\/seo\/ -->\n<title>Constructora - Constructora Deltoro - Casa y apartamento en armenia quindio<\/title>\n<meta name=\"description\" content=\"En Constructora Deltoro, tenemos amor por las obras bien construidas, nos motivan y nos dan prop\u00f3sito, entregando hogares c\u00f3modos a nuestros clientes\" \/>\n<meta name=\"robots\" content=\"index, follow, max-snippet:-1, max-image-preview:large, max-video-preview:-1\" \/>\n<link rel=\"canonical\" href=\"https:\/\/deltoro.com.co\/web\/constructora_deltoro\/\" \/>\n<meta property=\"og:locale\" content=\"es_ES\" \/>\n<meta property=\"og:type\" content=\"article\" \/>\n<meta property=\"og:title\" content=\"Constructora - Constructora Deltoro - Casa y apartamento en armenia quindio\" \/>\n<meta property=\"og:description\" content=\"En Constructora Deltoro, tenemos amor por las obras bien construidas, nos motivan y nos dan prop\u00f3sito, entregando hogares c\u00f3modos a nuestros clientes\" \/>\n<meta property=\"og:url\" content=\"https:\/\/deltoro.com.co\/web\/constructora_deltoro\/\" \/>\n<meta property=\"og:site_name\" content=\"Constructora Deltoro - Casa y apartamento en armenia quindio\" \/>\n<meta property=\"article:modified_time\" content=\"2024-03-11T21:44:34+00:00\" \/>\n<meta property=\"og:image\" content=\"https:\/\/deltoro.com.co\/web\/wp-content\/uploads\/2024\/02\/obrasqueperduran.jpg\" \/>\n<meta name=\"twitter:card\" content=\"summary_large_image\" \/>\n<meta name=\"twitter:label1\" content=\"Tiempo de lectura\" \/>\n\t<meta name=\"twitter:data1\" content=\"1 minuto\" \/>\n<script type=\"application\/ld+json\" class=\"yoast-schema-graph\">{\"@context\":\"https:\/\/schema.org\",\"@graph\":[{\"@type\":\"WebPage\",\"@id\":\"https:\/\/deltoro.com.co\/web\/constructora_deltoro\/\",\"url\":\"https:\/\/deltoro.com.co\/web\/constructora_deltoro\/\",\"name\":\"Constructora - Constructora Deltoro - Casa y apartamento en armenia quindio\",\"isPartOf\":{\"@id\":\"https:\/\/deltoro.com.co\/web\/#website\"},\"primaryImageOfPage\":{\"@id\":\"https:\/\/deltoro.com.co\/web\/constructora_deltoro\/#primaryimage\"},\"image\":{\"@id\":\"https:\/\/deltoro.com.co\/web\/constructora_deltoro\/#primaryimage\"},\"thumbnailUrl\":\"https:\/\/deltoro.com.co\/web\/wp-content\/uploads\/2024\/02\/obrasqueperduran.jpg\",\"datePublished\":\"2022-02-24T05:03:32+00:00\",\"dateModified\":\"2024-03-11T21:44:34+00:00\",\"description\":\"En Constructora Deltoro, tenemos amor por las obras bien construidas, nos motivan y nos dan prop\u00f3sito, entregando hogares c\u00f3modos a nuestros clientes\",\"breadcrumb\":{\"@id\":\"https:\/\/deltoro.com.co\/web\/constructora_deltoro\/#breadcrumb\"},\"inLanguage\":\"es\",\"potentialAction\":[{\"@type\":\"ReadAction\",\"target\":[\"https:\/\/deltoro.com.co\/web\/constructora_deltoro\/\"]}]},{\"@type\":\"ImageObject\",\"inLanguage\":\"es\",\"@id\":\"https:\/\/deltoro.com.co\/web\/constructora_deltoro\/#primaryimage\",\"url\":\"https:\/\/deltoro.com.co\/web\/wp-content\/uploads\/2024\/02\/obrasqueperduran.jpg\",\"contentUrl\":\"https:\/\/deltoro.com.co\/web\/wp-content\/uploads\/2024\/02\/obrasqueperduran.jpg\",\"width\":592,\"height\":441,\"caption\":\"obras que perduran casas y apartamentos en armenia quindio\"},{\"@type\":\"BreadcrumbList\",\"@id\":\"https:\/\/deltoro.com.co\/web\/constructora_deltoro\/#breadcrumb\",\"itemListElement\":[{\"@type\":\"ListItem\",\"position\":1,\"name\":\"Portada\",\"item\":\"https:\/\/deltoro.com.co\/web\/\"},{\"@type\":\"ListItem\",\"position\":2,\"name\":\"Constructora\"}]},{\"@type\":\"WebSite\",\"@id\":\"https:\/\/deltoro.com.co\/web\/#website\",\"url\":\"https:\/\/deltoro.com.co\/web\/\",\"name\":\"Constructora Deltoro - Casas y apartamentos en armenia quindio\",\"description\":\"Deltoro Obras que Perduran\",\"publisher\":{\"@id\":\"https:\/\/deltoro.com.co\/web\/#organization\"},\"potentialAction\":[{\"@type\":\"SearchAction\",\"target\":{\"@type\":\"EntryPoint\",\"urlTemplate\":\"https:\/\/deltoro.com.co\/web\/?s={search_term_string}\"},\"query-input\":{\"@type\":\"PropertyValueSpecification\",\"valueRequired\":true,\"valueName\":\"search_term_string\"}}],\"inLanguage\":\"es\"},{\"@type\":\"Organization\",\"@id\":\"https:\/\/deltoro.com.co\/web\/#organization\",\"name\":\"Constructora Deltoro - Casas y apartamentos en armenia quindio\",\"url\":\"https:\/\/deltoro.com.co\/web\/\",\"logo\":{\"@type\":\"ImageObject\",\"inLanguage\":\"es\",\"@id\":\"https:\/\/deltoro.com.co\/web\/#\/schema\/logo\/image\/\",\"url\":\"https:\/\/deltoro.com.co\/web\/wp-content\/uploads\/2025\/07\/cropped-cropped-Logos-DELTORO-30-ANOS_Mesa-de-trabajo-1-copia.png\",\"contentUrl\":\"https:\/\/deltoro.com.co\/web\/wp-content\/uploads\/2025\/07\/cropped-cropped-Logos-DELTORO-30-ANOS_Mesa-de-trabajo-1-copia.png\",\"width\":1800,\"height\":1673,\"caption\":\"Constructora Deltoro - Casas y apartamentos en armenia quindio\"},\"image\":{\"@id\":\"https:\/\/deltoro.com.co\/web\/#\/schema\/logo\/image\/\"}}]}<\/script>\n<!-- \/ Yoast SEO plugin. -->","yoast_head_json":{"title":"Constructora - Constructora Deltoro - Casa y apartamento en armenia quindio","description":"En Constructora Deltoro, tenemos amor por las obras bien construidas, nos motivan y nos dan prop\u00f3sito, entregando hogares c\u00f3modos a nuestros clientes","robots":{"index":"index","follow":"follow","max-snippet":"max-snippet:-1","max-image-preview":"max-image-preview:large","max-video-preview":"max-video-preview:-1"},"canonical":"https:\/\/deltoro.com.co\/web\/constructora_deltoro\/","og_locale":"es_ES","og_type":"article","og_title":"Constructora - Constructora Deltoro - Casa y apartamento en armenia quindio","og_description":"En Constructora Deltoro, tenemos amor por las obras bien construidas, nos motivan y nos dan prop\u00f3sito, entregando hogares c\u00f3modos a nuestros clientes","og_url":"https:\/\/deltoro.com.co\/web\/constructora_deltoro\/","og_site_name":"Constructora Deltoro - Casa y apartamento en armenia quindio","article_modified_time":"2024-03-11T21:44:34+00:00","og_image":[{"url":"https:\/\/deltoro.com.co\/web\/wp-content\/uploads\/2024\/02\/obrasqueperduran.jpg","type":"","width":"","height":""}],"twitter_card":"summary_large_image","twitter_misc":{"Tiempo de lectura":"1 minuto"},"schema":{"@context":"https:\/\/schema.org","@graph":[{"@type":"WebPage","@id":"https:\/\/deltoro.com.co\/web\/constructora_deltoro\/","url":"https:\/\/deltoro.com.co\/web\/constructora_deltoro\/","name":"Constructora - Constructora Deltoro - Casa y apartamento en armenia quindio","isPartOf":{"@id":"https:\/\/deltoro.com.co\/web\/#website"},"primaryImageOfPage":{"@id":"https:\/\/deltoro.com.co\/web\/constructora_deltoro\/#primaryimage"},"image":{"@id":"https:\/\/deltoro.com.co\/web\/constructora_deltoro\/#primaryimage"},"thumbnailUrl":"https:\/\/deltoro.com.co\/web\/wp-content\/uploads\/2024\/02\/obrasqueperduran.jpg","datePublished":"2022-02-24T05:03:32+00:00","dateModified":"2024-03-11T21:44:34+00:00","description":"En Constructora Deltoro, tenemos amor por las obras bien construidas, nos motivan y nos dan prop\u00f3sito, entregando hogares c\u00f3modos a nuestros clientes","breadcrumb":{"@id":"https:\/\/deltoro.com.co\/web\/constructora_deltoro\/#breadcrumb"},"inLanguage":"es","potentialAction":[{"@type":"ReadAction","target":["https:\/\/deltoro.com.co\/web\/constructora_deltoro\/"]}]},{"@type":"ImageObject","inLanguage":"es","@id":"https:\/\/deltoro.com.co\/web\/constructora_deltoro\/#primaryimage","url":"https:\/\/deltoro.com.co\/web\/wp-content\/uploads\/2024\/02\/obrasqueperduran.jpg","contentUrl":"https:\/\/deltoro.com.co\/web\/wp-content\/uploads\/2024\/02\/obrasqueperduran.jpg","width":592,"height":441,"caption":"obras que perduran casas y apartamentos en armenia quindio"},{"@type":"BreadcrumbList","@id":"https:\/\/deltoro.com.co\/web\/constructora_deltoro\/#breadcrumb","itemListElement":[{"@type":"ListItem","position":1,"name":"Portada","item":"https:\/\/deltoro.com.co\/web\/"},{"@type":"ListItem","position":2,"name":"Constructora"}]},{"@type":"WebSite","@id":"https:\/\/deltoro.com.co\/web\/#website","url":"https:\/\/deltoro.com.co\/web\/","name":"Constructora Deltoro - Casas y apartamentos en armenia quindio","description":"Deltoro Obras que Perduran","publisher":{"@id":"https:\/\/deltoro.com.co\/web\/#organization"},"potentialAction":[{"@type":"SearchAction","target":{"@type":"EntryPoint","urlTemplate":"https:\/\/deltoro.com.co\/web\/?s={search_term_string}"},"query-input":{"@type":"PropertyValueSpecification","valueRequired":true,"valueName":"search_term_string"}}],"inLanguage":"es"},{"@type":"Organization","@id":"https:\/\/deltoro.com.co\/web\/#organization","name":"Constructora Deltoro - Casas y apartamentos en armenia quindio","url":"https:\/\/deltoro.com.co\/web\/","logo":{"@type":"ImageObject","inLanguage":"es","@id":"https:\/\/deltoro.com.co\/web\/#\/schema\/logo\/image\/","url":"https:\/\/deltoro.com.co\/web\/wp-content\/uploads\/2025\/07\/cropped-cropped-Logos-DELTORO-30-ANOS_Mesa-de-trabajo-1-copia.png","contentUrl":"https:\/\/deltoro.com.co\/web\/wp-content\/uploads\/2025\/07\/cropped-cropped-Logos-DELTORO-30-ANOS_Mesa-de-trabajo-1-copia.png","width":1800,"height":1673,"caption":"Constructora Deltoro - Casas y apartamentos en armenia quindio"},"image":{"@id":"https:\/\/deltoro.com.co\/web\/#\/schema\/logo\/image\/"}}]}},"uagb_featured_image_src":{"full":false,"thumbnail":false,"medium":false,"medium_large":false,"large":false,"1536x1536":false,"2048x2048":false},"uagb_author_info":{"display_name":"admin","author_link":"https:\/\/deltoro.com.co\/web\/author\/admin_b958p4wx\/"},"uagb_comment_info":0,"uagb_excerpt":"Constructora Deltoro Obras que perduran \u00bfPor qu\u00e9 Deltoro? Blog","_links":{"self":[{"href":"https:\/\/deltoro.com.co\/web\/wp-json\/wp\/v2\/pages\/1324","targetHints":{"allow":["GET"]}}],"collection":[{"href":"https:\/\/deltoro.com.co\/web\/wp-json\/wp\/v2\/pages"}],"about":[{"href":"https:\/\/deltoro.com.co\/web\/wp-json\/wp\/v2\/types\/page"}],"author":[{"embeddable":true,"href":"https:\/\/deltoro.com.co\/web\/wp-json\/wp\/v2\/users\/1"}],"replies":[{"embeddable":true,"href":"https:\/\/deltoro.com.co\/web\/wp-json\/wp\/v2\/comments?post=1324"}],"version-history":[{"count":15,"href":"https:\/\/deltoro.com.co\/web\/wp-json\/wp\/v2\/pages\/1324\/revisions"}],"predecessor-version":[{"id":2217,"href":"https:\/\/deltoro.com.co\/web\/wp-json\/wp\/v2\/pages\/1324\/revisions\/2217"}],"wp:attachment":[{"href":"https:\/\/deltoro.com.co\/web\/wp-json\/wp\/v2\/media?parent=1324"}],"curies":[{"name":"wp","href":"https:\/\/api.w.org\/{rel}","templated":true}]}}